{"id":405,"date":"2025-10-01T15:18:43","date_gmt":"2025-10-01T13:18:43","guid":{"rendered":"https:\/\/volmar.staging-network.volvocarsmataro.com\/?page_id=405"},"modified":"2025-10-16T16:01:52","modified_gmt":"2025-10-16T14:01:52","slug":"volvo-personal-service","status":"publish","type":"page","link":"https:\/\/staging-admin.volvocarsmataro.com\/en\/volvo-personal-service\/","title":{"rendered":"Volvo Personal Service"},"content":{"rendered":"<div class=\"hero-block hero-block--small\" style=\"background-color: Page;\">\n                        <div class=\"hero-slide\">\n                                    <h2 class=\"hero-title\">Volvo Personal Service<\/h2>\n                                \n                                    <p class=\"hero-subtitle\">Tu experto exclusivo. Con Volvo Personal Service, un T\u00e9cnico de Servicio Personal se encarga de todo.<\/p>\n                                \n                                    <div class=\"hero-image\">\n                                                    <img decoding=\"async\" src=\"https:\/\/staging-admin.volvocarsmataro.com\/wp-content\/uploads\/sites\/2\/2025\/10\/highlightbueno-scaled.jpg\" alt=\"\">\n                                            <\/div>\n                                \n                                \n                            <\/div>\n            <\/div> \n\n\n<div class=\"info-grid-block\" style=\"background-color: Page;\">\n            <div class=\"info-grid\">\n                            <div class=\"info-item\">\n                                            <h3 class=\"info-title\">Tu Propio T\u00e9cnico de Servicio Personal<\/h3>\n                                        \n                                            <p class=\"info-text\">Tendr\u00e1s un experto TPS (T\u00e9cnico de Servicio Personal) siempre asignado. Esto garantiza comunicaci\u00f3n directa, cero esperas y un conocimiento profundo de tu Volvo.<\/p>\n                                        \n                                    <\/div>\n                            <div class=\"info-item\">\n                                            <h3 class=\"info-title\">Experiencia Transparente y R\u00e1pida<\/h3>\n                                        \n                                            <p class=\"info-text\">Disfruta de un mantenimiento m\u00e1s r\u00e1pido y con total transparencia. Tu TPS se encarga de todo, permiti\u00e9ndote esperar c\u00f3modamente mientras se realiza el trabajo.<\/p>\n                                        \n                                    <\/div>\n                            <div class=\"info-item\">\n                                            <h3 class=\"info-title\">Comodidad Adaptada a Tu Vida<\/h3>\n                                        \n                                            <p class=\"info-text\">El servicio est\u00e1 dise\u00f1ado para ti. Tu TPS coordina la cita para que sea lo m\u00e1s conveniente posible, minimizando las interrupciones en tu rutina diaria.<\/p>\n                                        \n                                    <\/div>\n                            <div class=\"info-item\">\n                                            <h3 class=\"info-title\">Calidad Volvo con Cero Preocupaciones<\/h3>\n                                        \n                                            <p class=\"info-text\">Solo usamos piezas originales instaladas por especialistas. M\u00e1ximo rendimiento y seguridad asegurados, d\u00e1ndote la tranquilidad de que tu inversi\u00f3n est\u00e1 protegida.<\/p>\n                                        \n                                    <\/div>\n                    <\/div>\n    <\/div> \n\n\n<div class=\"image-with-text-block\" style=\"background-color: Page;\">\n    <div class=\"image-with-text image-with-text--left\">\n                    <div class=\"image-with-text__image\">\n                                    <img decoding=\"async\" src=\"https:\/\/staging-admin.volvocarsmataro.com\/wp-content\/uploads\/sites\/2\/2025\/10\/volvo_selekt_service.avif\" alt=\"\">\n                            <\/div>\n                \n        <div class=\"image-with-text__content\">\n                            <h3 class=\"image-with-text__title\">Nuestra plantilla de T\u00e9cnicos de Servicio Personalizado<\/h3>\n                        \n                            <p class=\"image-with-text__text\">Desde mec\u00e1nica hasta electr\u00f3nica, cada t\u00e9cnico aporta su experiencia para cuidar cada aspecto de tu Volvo.<\/p>\n                        \n                    <\/div>\n    <\/div>\n<\/div> \n\n\n<div class=\"item-grid-block\" style=\"background-color: Page;\">\n            <div class=\"item-grid\">\n                            <div class=\"grid-item\">\n                                            <div class=\"item-image\">\n                                                            <img decoding=\"async\" src=\"https:\/\/staging-admin.volvocarsmataro.com\/wp-content\/uploads\/sites\/2\/2025\/10\/VICENC-N-e1759495653371.jpg\" alt=\"\">\n                                                    <\/div>\n                                        \n                                            <h3 class=\"item-title\">Vicen\u00e7 Mu\u00f1oz<\/h3>\n                                        \n                                            <p class=\"item-text\">T\u00e9cnico TPS\r\n621 683 211\r\nvmunoz@volmar-lm.com<\/p>\n                                        \n                                    <\/div>\n                            <div class=\"grid-item\">\n                                            <div class=\"item-image\">\n                                                            <img decoding=\"async\" src=\"https:\/\/staging-admin.volvocarsmataro.com\/wp-content\/uploads\/sites\/2\/2025\/10\/F.SALAZAR-N-e1759495550490.jpg\" alt=\"\">\n                                                    <\/div>\n                                        \n                                            <h3 class=\"item-title\">Francisco Salazar<\/h3>\n                                        \n                                            <p class=\"item-text\">Jefe de taller\r\n650 766 677\r\nfsalazar@volmar-lm.com<\/p>\n                                        \n                                    <\/div>\n                            <div class=\"grid-item\">\n                                            <div class=\"item-image\">\n                                                            <img decoding=\"async\" src=\"https:\/\/staging-admin.volvocarsmataro.com\/wp-content\/uploads\/sites\/2\/2025\/10\/NANDO-N-e1759495562235.jpg\" alt=\"\">\n                                                    <\/div>\n                                        \n                                            <h3 class=\"item-title\">Fernando Moreno<\/h3>\n                                        \n                                            <p class=\"item-text\">T\u00e9cnico TPS\r\n621 683 216\r\nfmoreno@volmar-lm.com<\/p>\n                                        \n                                    <\/div>\n                            <div class=\"grid-item\">\n                                            <div class=\"item-image\">\n                                                            <img decoding=\"async\" src=\"https:\/\/staging-admin.volvocarsmataro.com\/wp-content\/uploads\/sites\/2\/2025\/10\/A.GOMEZ-N-e1759495577463.jpg\" alt=\"\">\n                                                    <\/div>\n                                        \n                                            <h3 class=\"item-title\">Albert Gomez<\/h3>\n                                        \n                                            <p class=\"item-text\">Soporte\r\n621 683 212\r\nagomez@volmar-lm.com<\/p>\n                                        \n                                    <\/div>\n                            <div class=\"grid-item\">\n                                            <div class=\"item-image\">\n                                                            <img decoding=\"async\" src=\"https:\/\/staging-admin.volvocarsmataro.com\/wp-content\/uploads\/sites\/2\/2025\/10\/JOSEP-N-e1759495591651.jpg\" alt=\"\">\n                                                    <\/div>\n                                        \n                                            <h3 class=\"item-title\">Josep Martorell<\/h3>\n                                        \n                                            <p class=\"item-text\">Resp. Recambios\r\n621 683 213 \/ 937 588 045\r\njmartorell@volmar-lm.com<\/p>\n                                        \n                                    <\/div>\n                    <\/div>\n    <\/div>","protected":false},"excerpt":{"rendered":"","protected":false},"author":1,"featured_media":0,"parent":0,"menu_order":0,"comment_status":"closed","ping_status":"closed","template":"","meta":{"_acf_changed":false,"footnotes":""},"class_list":["post-405","page","type-page","status-publish","hentry"],"acf":[],"yoast_head":"<!-- This site is optimized with the Yoast SEO plugin v26.0 - https:\/\/yoast.com\/wordpress\/plugins\/seo\/ -->\n<title>Volvo Personal Service - Volvo Cars Matar\u00f3<\/title>\n<meta name=\"robots\" content=\"noindex, follow, max-snippet:-1, max-image-preview:large, max-video-preview:-1\" \/>\n<meta property=\"og:locale\" content=\"en_GB\" \/>\n<meta property=\"og:type\" content=\"article\" \/>\n<meta property=\"og:title\" content=\"Volvo Personal Service - Volvo Cars Matar\u00f3\" \/>\n<meta property=\"og:url\" content=\"https:\/\/staging-admin.volvocarsmataro.com\/en\/volvo-personal-service\/\" \/>\n<meta property=\"og:site_name\" content=\"Volvo Cars Matar\u00f3\" \/>\n<meta property=\"article:modified_time\" content=\"2025-10-16T14:01:52+00:00\" \/>\n<meta name=\"twitter:card\" content=\"summary_large_image\" \/>\n<script type=\"application\/ld+json\" class=\"yoast-schema-graph\">{\"@context\":\"https:\/\/schema.org\",\"@graph\":[{\"@type\":\"WebPage\",\"@id\":\"https:\/\/staging-admin.volvocarsmataro.com\/volvo-personal-service\/\",\"url\":\"https:\/\/staging-admin.volvocarsmataro.com\/volvo-personal-service\/\",\"name\":\"Volvo Personal Service - Volvo Cars Matar\u00f3\",\"isPartOf\":{\"@id\":\"https:\/\/staging-admin.volvocarsmataro.com\/#website\"},\"datePublished\":\"2025-10-01T13:18:43+00:00\",\"dateModified\":\"2025-10-16T14:01:52+00:00\",\"breadcrumb\":{\"@id\":\"https:\/\/staging-admin.volvocarsmataro.com\/volvo-personal-service\/#breadcrumb\"},\"inLanguage\":\"en-GB\",\"potentialAction\":[{\"@type\":\"ReadAction\",\"target\":[\"https:\/\/staging-admin.volvocarsmataro.com\/volvo-personal-service\/\"]}]},{\"@type\":\"BreadcrumbList\",\"@id\":\"https:\/\/staging-admin.volvocarsmataro.com\/volvo-personal-service\/#breadcrumb\",\"itemListElement\":[{\"@type\":\"ListItem\",\"position\":1,\"name\":\"Home\",\"item\":\"https:\/\/staging-admin.volvocarsmataro.com\/\"},{\"@type\":\"ListItem\",\"position\":2,\"name\":\"Volvo Personal Service\"}]},{\"@type\":\"WebSite\",\"@id\":\"https:\/\/staging-admin.volvocarsmataro.com\/#website\",\"url\":\"https:\/\/staging-admin.volvocarsmataro.com\/\",\"name\":\"Volvo Cars Matar\u00f3\",\"description\":\"\",\"potentialAction\":[{\"@type\":\"SearchAction\",\"target\":{\"@type\":\"EntryPoint\",\"urlTemplate\":\"https:\/\/staging-admin.volvocarsmataro.com\/?s={search_term_string}\"},\"query-input\":{\"@type\":\"PropertyValueSpecification\",\"valueRequired\":true,\"valueName\":\"search_term_string\"}}],\"inLanguage\":\"en-GB\"}]}<\/script>\n<!-- \/ Yoast SEO plugin. -->","yoast_head_json":{"title":"Volvo Personal Service - Volvo Cars Matar\u00f3","robots":{"index":"noindex","follow":"follow","max-snippet":"max-snippet:-1","max-image-preview":"max-image-preview:large","max-video-preview":"max-video-preview:-1"},"og_locale":"en_GB","og_type":"article","og_title":"Volvo Personal Service - Volvo Cars Matar\u00f3","og_url":"https:\/\/staging-admin.volvocarsmataro.com\/en\/volvo-personal-service\/","og_site_name":"Volvo Cars Matar\u00f3","article_modified_time":"2025-10-16T14:01:52+00:00","twitter_card":"summary_large_image","schema":{"@context":"https:\/\/schema.org","@graph":[{"@type":"WebPage","@id":"https:\/\/staging-admin.volvocarsmataro.com\/volvo-personal-service\/","url":"https:\/\/staging-admin.volvocarsmataro.com\/volvo-personal-service\/","name":"Volvo Personal Service - Volvo Cars Matar\u00f3","isPartOf":{"@id":"https:\/\/staging-admin.volvocarsmataro.com\/#website"},"datePublished":"2025-10-01T13:18:43+00:00","dateModified":"2025-10-16T14:01:52+00:00","breadcrumb":{"@id":"https:\/\/staging-admin.volvocarsmataro.com\/volvo-personal-service\/#breadcrumb"},"inLanguage":"en-GB","potentialAction":[{"@type":"ReadAction","target":["https:\/\/staging-admin.volvocarsmataro.com\/volvo-personal-service\/"]}]},{"@type":"BreadcrumbList","@id":"https:\/\/staging-admin.volvocarsmataro.com\/volvo-personal-service\/#breadcrumb","itemListElement":[{"@type":"ListItem","position":1,"name":"Home","item":"https:\/\/staging-admin.volvocarsmataro.com\/"},{"@type":"ListItem","position":2,"name":"Volvo Personal Service"}]},{"@type":"WebSite","@id":"https:\/\/staging-admin.volvocarsmataro.com\/#website","url":"https:\/\/staging-admin.volvocarsmataro.com\/","name":"Volvo Cars Matar\u00f3","description":"","potentialAction":[{"@type":"SearchAction","target":{"@type":"EntryPoint","urlTemplate":"https:\/\/staging-admin.volvocarsmataro.com\/?s={search_term_string}"},"query-input":{"@type":"PropertyValueSpecification","valueRequired":true,"valueName":"search_term_string"}}],"inLanguage":"en-GB"}]}},"_links":{"self":[{"href":"https:\/\/staging-admin.volvocarsmataro.com\/en\/wp-json\/wp\/v2\/pages\/405","targetHints":{"allow":["GET"]}}],"collection":[{"href":"https:\/\/staging-admin.volvocarsmataro.com\/en\/wp-json\/wp\/v2\/pages"}],"about":[{"href":"https:\/\/staging-admin.volvocarsmataro.com\/en\/wp-json\/wp\/v2\/types\/page"}],"author":[{"embeddable":true,"href":"https:\/\/staging-admin.volvocarsmataro.com\/en\/wp-json\/wp\/v2\/users\/1"}],"replies":[{"embeddable":true,"href":"https:\/\/staging-admin.volvocarsmataro.com\/en\/wp-json\/wp\/v2\/comments?post=405"}],"version-history":[{"count":14,"href":"https:\/\/staging-admin.volvocarsmataro.com\/en\/wp-json\/wp\/v2\/pages\/405\/revisions"}],"predecessor-version":[{"id":1546,"href":"https:\/\/staging-admin.volvocarsmataro.com\/en\/wp-json\/wp\/v2\/pages\/405\/revisions\/1546"}],"wp:attachment":[{"href":"https:\/\/staging-admin.volvocarsmataro.com\/en\/wp-json\/wp\/v2\/media?parent=405"}],"curies":[{"name":"wp","href":"https:\/\/api.w.org\/{rel}","templated":true}]}}