{"id":471,"date":"2025-10-03T12:26:39","date_gmt":"2025-10-03T10:26:39","guid":{"rendered":"https:\/\/volmar.staging-network.volvocarsmataro.com\/?page_id=471"},"modified":"2025-10-28T11:45:45","modified_gmt":"2025-10-28T10:45:45","slug":"postventa-volvo","status":"publish","type":"page","link":"https:\/\/staging-admin.volvocarsmataro.com\/en\/postventa-volvo\/","title":{"rendered":"Volvo After Sales"},"content":{"rendered":"<div class=\"hero-block hero-block--small\" style=\"background-color: Page;\">\n                        <div class=\"hero-slide\">\n                                    <h2 class=\"hero-title\">Postventa de servicios Volvo<\/h2>\n                                \n                                    <p class=\"hero-subtitle\">La excelencia Volvo tambi\u00e9n se cuida despu\u00e9s de la compra, disfruta de nuestros servicios oficiales dise\u00f1ados para mantener tu veh\u00edculo siempre como el primer d\u00eda.<\/p>\n                                \n                                    <div class=\"hero-image\">\n                                                    <img decoding=\"async\" src=\"https:\/\/staging-admin.volvocarsmataro.com\/wp-content\/uploads\/sites\/2\/2025\/10\/volvodeverda-e1759753475152.jpg\" alt=\"\">\n                                            <\/div>\n                                \n                                \n                            <\/div>\n            <\/div> \n\n\n<div class=\"image-with-text-block\" style=\"background-color: Page;\">\n    <div class=\"image-with-text image-with-text--left\">\n                    <div class=\"image-with-text__image\">\n                                    <img decoding=\"async\" src=\"https:\/\/staging-admin.volvocarsmataro.com\/wp-content\/uploads\/sites\/2\/2025\/10\/xc90galeria7.avif\" alt=\"\">\n                            <\/div>\n                \n        <div class=\"image-with-text__content\">\n                            <h3 class=\"image-with-text__title\">Descubre nuestros servicios postventa<\/h3>\n                        \n                            <p class=\"image-with-text__text\">Con nuestros servicios postventa disfrutas de mantenimiento oficial, piezas originales, asistencia personalizada y m\u00e1s para mantener tu Volvo siempre seguro, fiable y como el primer d\u00eda.<\/p>\n                        \n                    <\/div>\n    <\/div>\n<\/div> \n\n\n<div class=\"image-with-text-block\" style=\"background-color: Page;\">\n    <div class=\"image-with-text image-with-text--right\">\n                    <div class=\"image-with-text__image\">\n                                    <img decoding=\"async\" src=\"https:\/\/staging-admin.volvocarsmataro.com\/wp-content\/uploads\/sites\/2\/2025\/10\/tallerrrrrrrrr.avif\" alt=\"\">\n                            <\/div>\n                \n        <div class=\"image-with-text__content\">\n                            <h3 class=\"image-with-text__title\">Volvo Personal Service<\/h3>\n                        \n                            <p class=\"image-with-text__text\">En Volvo, tu coche y t\u00fa sois la prioridad. Con Volvo Personal Service, un T\u00e9cnico de Servicio Personal (TPS) se encarga directamente de tu veh\u00edculo, acompa\u00f1\u00e1ndote durante todo el proceso. As\u00ed disfrutas de una atenci\u00f3n m\u00e1s r\u00e1pida, transparente y personalizada, con la calidad y confianza que solo Volvo puede ofrecer.<\/p>\n                        \n                            <a href=\"https:\/\/staging-admin.volvocarsmataro.com\/en\/volvo-personal-service\/\" class=\"image-with-text__button\">\n                    Descubre nuestra plantilla de TPS                <\/a>\n                    <\/div>\n    <\/div>\n<\/div> \n\n\n<div class=\"item-grid-block\" style=\"background-color: Page;\">\n            <div class=\"item-grid\">\n                            <div class=\"grid-item\">\n                                            <div class=\"item-image\">\n                                                            <img decoding=\"async\" src=\"https:\/\/staging-admin.volvocarsmataro.com\/wp-content\/uploads\/sites\/2\/2025\/10\/servicio2-scaled-e1759900190735.jpeg\" alt=\"\">\n                                                    <\/div>\n                                        \n                                            <h3 class=\"item-title\">Servicio 2.0<\/h3>\n                                        \n                                            <p class=\"item-text\">M\u00e1s que mantenimiento, es la experiencia de cuidar de ti y de tu Volvo. Con cada visita disfrutar\u00e1s de actualizaci\u00f3n gratuita de software, asistencia en carretera renovada, veh\u00edculo limpio y revisado, y la atenci\u00f3n personalizada que mereces. Todo para que tu Volvo est\u00e9 siempre en las mejores manos.<\/p>\n                                        \n                                    <\/div>\n                            <div class=\"grid-item\">\n                                            <div class=\"item-image\">\n                                                            <img decoding=\"async\" src=\"https:\/\/staging-admin.volvocarsmataro.com\/wp-content\/uploads\/sites\/2\/2025\/10\/mot-article-scaled.avif\" alt=\"\">\n                                                    <\/div>\n                                        \n                                            <h3 class=\"item-title\">Taller mec\u00e1nico<\/h3>\n                                        \n                                            <p class=\"item-text\">En nuestros talleres oficiales Volvo encontrar\u00e1s un servicio integral con la m\u00e1xima calidad y profesionalidad. Nuestros t\u00e9cnicos especializados trabajan con herramientas y recambios originales para mantener tu veh\u00edculo siempre en su mejor versi\u00f3n.<\/p>\n                                        \n                                    <\/div>\n                            <div class=\"grid-item\">\n                                            <div class=\"item-image\">\n                                                            <img decoding=\"async\" src=\"https:\/\/staging-admin.volvocarsmataro.com\/wp-content\/uploads\/sites\/2\/2025\/09\/Overview-location-gallery-3-16x9-1.avif\" alt=\"\">\n                                                    <\/div>\n                                        \n                                            <h3 class=\"item-title\">Extensi\u00f3n de garant\u00eda<\/h3>\n                                        \n                                            <p class=\"item-text\">Sigue disfrutando de tu Volvo sin preocupaciones. Ampl\u00eda tu garant\u00eda hasta 2 a\u00f1os m\u00e1s y mant\u00e9n la cobertura oficial en toda Europa. Reparaciones con piezas originales, servicio especializado y la tranquilidad de saber que tu coche est\u00e1 siempre protegido.<\/p>\n                                        \n                                    <\/div>\n                    <\/div>\n    <\/div> \n\n\n<div class=\"item-grid-block\" style=\"background-color: Page;\">\n            <div class=\"item-grid\">\n                            <div class=\"grid-item\">\n                                            <div class=\"item-image\">\n                                                            <img decoding=\"async\" src=\"https:\/\/staging-admin.volvocarsmataro.com\/wp-content\/uploads\/sites\/2\/2025\/10\/chapa.jpg\" alt=\"\">\n                                                    <\/div>\n                                        \n                                            <h3 class=\"item-title\">Final de vida de los veh\u00edculos<\/h3>\n                                        \n                                            <p class=\"item-text\">Al finalizar su vida \u00fatil, los veh\u00edculos Volvo deben entregarse en un Centro Autorizado de Tratamiento (CAT). Estos centros se encargan de realizar la baja definitiva y el reciclaje medioambientalmente responsable del veh\u00edculo, garantizando el cumplimiento de la normativa y la correcta gesti\u00f3n de todos sus componentes.<\/p>\n                                        \n                                    <\/div>\n                            <div class=\"grid-item\">\n                                            <div class=\"item-image\">\n                                                            <img decoding=\"async\" src=\"https:\/\/staging-admin.volvocarsmataro.com\/wp-content\/uploads\/sites\/2\/2025\/10\/PS-2021-0066.avif\" alt=\"\">\n                                                    <\/div>\n                                        \n                                            <h3 class=\"item-title\">Recambios originales y accesorios Volvo<\/h3>\n                                        \n                                            <p class=\"item-text\">Solo lo original garantiza la experiencia Volvo. Disponemos de piezas y accesorios oficiales que aportan calidad, compatibilidad y el dise\u00f1o exclusivo de la marca.<\/p>\n                                        \n                                    <\/div>\n                            <div class=\"grid-item\">\n                                            <div class=\"item-image\">\n                                                            <img decoding=\"async\" src=\"https:\/\/staging-admin.volvocarsmataro.com\/wp-content\/uploads\/sites\/2\/2025\/10\/12_club_volvo_720x540-scaled.avif\" alt=\"\">\n                                                    <\/div>\n                                        \n                                            <h3 class=\"item-title\">Revisi\u00f3n Pre-ITV en Volmar<\/h3>\n                                        \n                                            <p class=\"item-text\">Supera la ITV sin imprevistos. Revisamos tu Volvo en Volmar con est\u00e1ndares oficiales para garantizar que cumpla con todos los requisitos y se mantenga en perfecto estado.<\/p>\n                                        \n                                    <\/div>\n                    <\/div>\n    <\/div> \n\n\n<div class=\"item-grid-block\" style=\"background-color: Page;\">\n            <p>No items configured. Use the block settings to add content.<\/p>\n    <\/div> \n\n\n<div class=\"item-grid-block\" style=\"background-color: Page;\">\n            <div class=\"item-grid\">\n                            <div class=\"grid-item\">\n                                            <div class=\"item-image\">\n                                                            <img decoding=\"async\" src=\"https:\/\/staging-admin.volvocarsmataro.com\/wp-content\/uploads\/sites\/2\/2025\/10\/planxa.avif\" alt=\"\">\n                                                    <\/div>\n                                        \n                                            <h3 class=\"item-title\">Servicio de plancha y pintura<\/h3>\n                                        \n                                            <p class=\"item-text\">Nuestro servicio de plancha y pintura combina la precisi\u00f3n t\u00e9cnica con materiales originales y procesos certificados por la marca, garantizando un acabado perfecto y una reparaci\u00f3n duradera. Conf\u00eda en nuestros expertos para devolverle a tu coche toda su elegancia y seguridad.<\/p>\n                                        \n                                    <\/div>\n                            <div class=\"grid-item\">\n                                            <div class=\"item-image\">\n                                                            <img decoding=\"async\" src=\"https:\/\/staging-admin.volvocarsmataro.com\/wp-content\/uploads\/sites\/2\/2025\/10\/volvo-xc60-hibrido-pantalla.jpg\" alt=\"\">\n                                                    <\/div>\n                                        \n                                            <h3 class=\"item-title\">Veh\u00edculo de sustituci\u00f3n<\/h3>\n                                        \n                                            <p class=\"item-text\">Queremos que sigas en movimiento, incluso cuando tu veh\u00edculo est\u00e9 en el taller. Por eso, en nuestros talleres oficiales Volvo te ofrecemos soluciones de movilidad: veh\u00edculo de sustituci\u00f3n, traslados o servicio de recogida y entrega. <\/p>\n                                        \n                                    <\/div>\n                            <div class=\"grid-item\">\n                                            <div class=\"item-image\">\n                                                            <img decoding=\"async\" src=\"https:\/\/staging-admin.volvocarsmataro.com\/wp-content\/uploads\/sites\/2\/2025\/10\/recambios_original_volvo_promotiontextimage_mobile_1920x1440-2-scaled.avif\" alt=\"\">\n                                                    <\/div>\n                                        \n                                            <h3 class=\"item-title\">Recambios originales<\/h3>\n                                        \n                                            <p class=\"item-text\">En Volvo, cada pieza cuenta. Por eso, utilizamos recambios originales dise\u00f1ados espec\u00edficamente para tu veh\u00edculo, garantizando el m\u00e1ximo rendimiento, seguridad y durabilidad. Con garant\u00eda de por vida, para que conduzcas con total tranquilidad.<\/p>\n                                        \n                                    <\/div>\n                    <\/div>\n    <\/div> \n\n\n<div class=\"image-with-text-block\" style=\"background-color: Page;\">\n    <div class=\"image-with-text image-with-text--left\">\n                    <div class=\"image-with-text__image\">\n                                    <img decoding=\"async\" src=\"https:\/\/staging-admin.volvocarsmataro.com\/wp-content\/uploads\/sites\/2\/2025\/10\/cargador.jpg\" alt=\"\">\n                            <\/div>\n                \n        <div class=\"image-with-text__content\">\n                            <h3 class=\"image-with-text__title\">Pol\u00edtica medioambiental<\/h3>\n                        \n                            <p class=\"image-with-text__text\">En Volvo trabajamos para reducir nuestro impacto ambiental mediante procesos sostenibles, veh\u00edculos m\u00e1s eficientes y un compromiso constante con la movilidad responsable.<\/p>\n                        \n                            <a href=\"http:\/\/admin.volvocarsmataro.com\/wp-content\/uploads\/sites\/2\/2025\/10\/Politica-de-calidad-medioambiente-y-seguridad-de-la-informacion-1.pdf\" class=\"image-with-text__button\">\n                    Further information                <\/a>\n                    <\/div>\n    <\/div>\n<\/div> \n\n\n<div class=\"image-with-text-block\" style=\"background-color: Page;\">\n    <div class=\"image-with-text image-with-text--right\">\n                    <div class=\"image-with-text__image\">\n                                    <img decoding=\"async\" src=\"https:\/\/staging-admin.volvocarsmataro.com\/wp-content\/uploads\/sites\/2\/2025\/10\/isos-e1760613753204.png\" alt=\"\">\n                            <\/div>\n                \n        <div class=\"image-with-text__content\">\n                            <h3 class=\"image-with-text__title\">Certificaciones ISO: Garant\u00eda de Calidad y Confianza<\/h3>\n                        \n                            <p class=\"image-with-text__text\">Nuestras certificaciones ISO avalan el compromiso con la calidad, la seguridad y la mejora continua en cada proceso. Cumplimos con est\u00e1ndares internacionales que garantizan confianza, eficiencia y excelencia en los servicios que ofrecemos.<\/p>\n                        \n                    <\/div>\n    <\/div>\n<\/div>","protected":false},"excerpt":{"rendered":"","protected":false},"author":1,"featured_media":0,"parent":0,"menu_order":0,"comment_status":"closed","ping_status":"closed","template":"","meta":{"_acf_changed":false,"footnotes":""},"class_list":["post-471","page","type-page","status-publish","hentry"],"acf":[],"yoast_head":"<!-- This site is optimized with the Yoast SEO plugin v26.0 - https:\/\/yoast.com\/wordpress\/plugins\/seo\/ -->\n<title>Postventa Volvo - Volvo Cars Matar\u00f3<\/title>\n<meta name=\"robots\" content=\"noindex, follow, max-snippet:-1, max-image-preview:large, max-video-preview:-1\" \/>\n<meta property=\"og:locale\" content=\"en_GB\" \/>\n<meta property=\"og:type\" content=\"article\" \/>\n<meta property=\"og:title\" content=\"Postventa Volvo - Volvo Cars Matar\u00f3\" \/>\n<meta property=\"og:url\" content=\"https:\/\/staging-admin.volvocarsmataro.com\/en\/postventa-volvo\/\" \/>\n<meta property=\"og:site_name\" content=\"Volvo Cars Matar\u00f3\" \/>\n<meta property=\"article:modified_time\" content=\"2025-10-28T10:45:45+00:00\" \/>\n<meta name=\"twitter:card\" content=\"summary_large_image\" \/>\n<script type=\"application\/ld+json\" class=\"yoast-schema-graph\">{\"@context\":\"https:\/\/schema.org\",\"@graph\":[{\"@type\":\"WebPage\",\"@id\":\"https:\/\/staging-admin.volvocarsmataro.com\/postventa-volvo\/\",\"url\":\"https:\/\/staging-admin.volvocarsmataro.com\/postventa-volvo\/\",\"name\":\"Postventa Volvo - Volvo Cars Matar\u00f3\",\"isPartOf\":{\"@id\":\"https:\/\/staging-admin.volvocarsmataro.com\/#website\"},\"datePublished\":\"2025-10-03T10:26:39+00:00\",\"dateModified\":\"2025-10-28T10:45:45+00:00\",\"breadcrumb\":{\"@id\":\"https:\/\/staging-admin.volvocarsmataro.com\/postventa-volvo\/#breadcrumb\"},\"inLanguage\":\"en-GB\",\"potentialAction\":[{\"@type\":\"ReadAction\",\"target\":[\"https:\/\/staging-admin.volvocarsmataro.com\/postventa-volvo\/\"]}]},{\"@type\":\"BreadcrumbList\",\"@id\":\"https:\/\/staging-admin.volvocarsmataro.com\/postventa-volvo\/#breadcrumb\",\"itemListElement\":[{\"@type\":\"ListItem\",\"position\":1,\"name\":\"Home\",\"item\":\"https:\/\/staging-admin.volvocarsmataro.com\/\"},{\"@type\":\"ListItem\",\"position\":2,\"name\":\"Postventa Volvo\"}]},{\"@type\":\"WebSite\",\"@id\":\"https:\/\/staging-admin.volvocarsmataro.com\/#website\",\"url\":\"https:\/\/staging-admin.volvocarsmataro.com\/\",\"name\":\"Volvo Cars Matar\u00f3\",\"description\":\"\",\"potentialAction\":[{\"@type\":\"SearchAction\",\"target\":{\"@type\":\"EntryPoint\",\"urlTemplate\":\"https:\/\/staging-admin.volvocarsmataro.com\/?s={search_term_string}\"},\"query-input\":{\"@type\":\"PropertyValueSpecification\",\"valueRequired\":true,\"valueName\":\"search_term_string\"}}],\"inLanguage\":\"en-GB\"}]}<\/script>\n<!-- \/ Yoast SEO plugin. -->","yoast_head_json":{"title":"Postventa Volvo - Volvo Cars Matar\u00f3","robots":{"index":"noindex","follow":"follow","max-snippet":"max-snippet:-1","max-image-preview":"max-image-preview:large","max-video-preview":"max-video-preview:-1"},"og_locale":"en_GB","og_type":"article","og_title":"Postventa Volvo - Volvo Cars Matar\u00f3","og_url":"https:\/\/staging-admin.volvocarsmataro.com\/en\/postventa-volvo\/","og_site_name":"Volvo Cars Matar\u00f3","article_modified_time":"2025-10-28T10:45:45+00:00","twitter_card":"summary_large_image","schema":{"@context":"https:\/\/schema.org","@graph":[{"@type":"WebPage","@id":"https:\/\/staging-admin.volvocarsmataro.com\/postventa-volvo\/","url":"https:\/\/staging-admin.volvocarsmataro.com\/postventa-volvo\/","name":"Postventa Volvo - Volvo Cars Matar\u00f3","isPartOf":{"@id":"https:\/\/staging-admin.volvocarsmataro.com\/#website"},"datePublished":"2025-10-03T10:26:39+00:00","dateModified":"2025-10-28T10:45:45+00:00","breadcrumb":{"@id":"https:\/\/staging-admin.volvocarsmataro.com\/postventa-volvo\/#breadcrumb"},"inLanguage":"en-GB","potentialAction":[{"@type":"ReadAction","target":["https:\/\/staging-admin.volvocarsmataro.com\/postventa-volvo\/"]}]},{"@type":"BreadcrumbList","@id":"https:\/\/staging-admin.volvocarsmataro.com\/postventa-volvo\/#breadcrumb","itemListElement":[{"@type":"ListItem","position":1,"name":"Home","item":"https:\/\/staging-admin.volvocarsmataro.com\/"},{"@type":"ListItem","position":2,"name":"Postventa Volvo"}]},{"@type":"WebSite","@id":"https:\/\/staging-admin.volvocarsmataro.com\/#website","url":"https:\/\/staging-admin.volvocarsmataro.com\/","name":"Volvo Cars Matar\u00f3","description":"","potentialAction":[{"@type":"SearchAction","target":{"@type":"EntryPoint","urlTemplate":"https:\/\/staging-admin.volvocarsmataro.com\/?s={search_term_string}"},"query-input":{"@type":"PropertyValueSpecification","valueRequired":true,"valueName":"search_term_string"}}],"inLanguage":"en-GB"}]}},"_links":{"self":[{"href":"https:\/\/staging-admin.volvocarsmataro.com\/en\/wp-json\/wp\/v2\/pages\/471","targetHints":{"allow":["GET"]}}],"collection":[{"href":"https:\/\/staging-admin.volvocarsmataro.com\/en\/wp-json\/wp\/v2\/pages"}],"about":[{"href":"https:\/\/staging-admin.volvocarsmataro.com\/en\/wp-json\/wp\/v2\/types\/page"}],"author":[{"embeddable":true,"href":"https:\/\/staging-admin.volvocarsmataro.com\/en\/wp-json\/wp\/v2\/users\/1"}],"replies":[{"embeddable":true,"href":"https:\/\/staging-admin.volvocarsmataro.com\/en\/wp-json\/wp\/v2\/comments?post=471"}],"version-history":[{"count":84,"href":"https:\/\/staging-admin.volvocarsmataro.com\/en\/wp-json\/wp\/v2\/pages\/471\/revisions"}],"predecessor-version":[{"id":1641,"href":"https:\/\/staging-admin.volvocarsmataro.com\/en\/wp-json\/wp\/v2\/pages\/471\/revisions\/1641"}],"wp:attachment":[{"href":"https:\/\/staging-admin.volvocarsmataro.com\/en\/wp-json\/wp\/v2\/media?parent=471"}],"curies":[{"name":"wp","href":"https:\/\/api.w.org\/{rel}","templated":true}]}}